{"id":9304,"date":"2024-06-20T13:35:56","date_gmt":"2024-06-20T17:35:56","guid":{"rendered":"https:\/\/fadir.ufms.br\/?page_id=9304"},"modified":"2024-06-20T13:35:56","modified_gmt":"2024-06-20T17:35:56","slug":"relatorio-de-avaliacao-institucional-2023","status":"publish","type":"page","link":"https:\/\/fadir.ufms.br\/en\/relatorio-de-avaliacao-institucional-2023\/","title":{"rendered":"(Portugu\u00eas do Brasil) Relat\u00f3rio de Avalia\u00e7\u00e3o Institucional 2023"},"content":{"rendered":"<p class=\"qtranxs-available-languages-message qtranxs-available-languages-message-en\">Sorry, this entry is only available in <a href=\"https:\/\/fadir.ufms.br\/pb\/wp-json\/wp\/v2\/pages\/9304\" class=\"qtranxs-available-language-link qtranxs-available-language-link-pb\" title=\"Portugu\u00eas do Brasil\">Portugu\u00eas do Brasil<\/a>.<\/p>","protected":false},"excerpt":{"rendered":"","protected":false},"author":14857,"featured_media":0,"parent":0,"menu_order":0,"comment_status":"closed","ping_status":"closed","template":"","meta":{"footnotes":""},"coauthors":[],"class_list":["post-9304","page","type-page","status-publish","hentry"],"_links":{"self":[{"href":"https:\/\/fadir.ufms.br\/en\/wp-json\/wp\/v2\/pages\/9304","targetHints":{"allow":["GET"]}}],"collection":[{"href":"https:\/\/fadir.ufms.br\/en\/wp-json\/wp\/v2\/pages"}],"about":[{"href":"https:\/\/fadir.ufms.br\/en\/wp-json\/wp\/v2\/types\/page"}],"author":[{"embeddable":true,"href":"https:\/\/fadir.ufms.br\/en\/wp-json\/wp\/v2\/users\/14857"}],"replies":[{"embeddable":true,"href":"https:\/\/fadir.ufms.br\/en\/wp-json\/wp\/v2\/comments?post=9304"}],"version-history":[{"count":1,"href":"https:\/\/fadir.ufms.br\/en\/wp-json\/wp\/v2\/pages\/9304\/revisions"}],"predecessor-version":[{"id":9306,"href":"https:\/\/fadir.ufms.br\/en\/wp-json\/wp\/v2\/pages\/9304\/revisions\/9306"}],"wp:attachment":[{"href":"https:\/\/fadir.ufms.br\/en\/wp-json\/wp\/v2\/media?parent=9304"}],"wp:term":[{"taxonomy":"author","embeddable":true,"href":"https:\/\/fadir.ufms.br\/en\/wp-json\/wp\/v2\/coauthors?post=9304"}],"curies":[{"name":"wp","href":"https:\/\/api.w.org\/{rel}","templated":true}]}}