{"id":8846,"date":"2023-11-22T15:28:52","date_gmt":"2023-11-22T19:28:52","guid":{"rendered":"https:\/\/fadir.ufms.br\/?page_id=8846"},"modified":"2025-04-29T08:06:46","modified_gmt":"2025-04-29T12:06:46","slug":"gestao-em-seguranca-publica-ead-turma-2024-2026","status":"publish","type":"page","link":"https:\/\/fadir.ufms.br\/en\/em-andamento\/gestao-em-seguranca-publica-ead-turma-2024-2026\/","title":{"rendered":"(Portugu\u00eas do Brasil) Gest\u00e3o em Seguran\u00e7a P\u00fablica (EaD) &#8211; Turma 2024\/2026"},"content":{"rendered":"<p class=\"qtranxs-available-languages-message qtranxs-available-languages-message-en\">Sorry, this entry is only available in <a href=\"https:\/\/fadir.ufms.br\/pb\/wp-json\/wp\/v2\/pages\/8846\" class=\"qtranxs-available-language-link qtranxs-available-language-link-pb\" title=\"Portugu\u00eas do Brasil\">Portugu\u00eas do Brasil<\/a>.<\/p>","protected":false},"excerpt":{"rendered":"<p>Sorry, this entry is only available in Portugu\u00eas do Brasil.<\/p>\n","protected":false},"author":471,"featured_media":0,"parent":4363,"menu_order":0,"comment_status":"closed","ping_status":"closed","template":"","meta":{"footnotes":""},"coauthors":[83],"class_list":["post-8846","page","type-page","status-publish","hentry"],"_links":{"self":[{"href":"https:\/\/fadir.ufms.br\/en\/wp-json\/wp\/v2\/pages\/8846","targetHints":{"allow":["GET"]}}],"collection":[{"href":"https:\/\/fadir.ufms.br\/en\/wp-json\/wp\/v2\/pages"}],"about":[{"href":"https:\/\/fadir.ufms.br\/en\/wp-json\/wp\/v2\/types\/page"}],"author":[{"embeddable":true,"href":"https:\/\/fadir.ufms.br\/en\/wp-json\/wp\/v2\/users\/471"}],"replies":[{"embeddable":true,"href":"https:\/\/fadir.ufms.br\/en\/wp-json\/wp\/v2\/comments?post=8846"}],"version-history":[{"count":44,"href":"https:\/\/fadir.ufms.br\/en\/wp-json\/wp\/v2\/pages\/8846\/revisions"}],"predecessor-version":[{"id":9908,"href":"https:\/\/fadir.ufms.br\/en\/wp-json\/wp\/v2\/pages\/8846\/revisions\/9908"}],"up":[{"embeddable":true,"href":"https:\/\/fadir.ufms.br\/en\/wp-json\/wp\/v2\/pages\/4363"}],"wp:attachment":[{"href":"https:\/\/fadir.ufms.br\/en\/wp-json\/wp\/v2\/media?parent=8846"}],"wp:term":[{"taxonomy":"author","embeddable":true,"href":"https:\/\/fadir.ufms.br\/en\/wp-json\/wp\/v2\/coauthors?post=8846"}],"curies":[{"name":"wp","href":"https:\/\/api.w.org\/{rel}","templated":true}]}}