{"id":8360,"date":"2023-04-12T09:28:42","date_gmt":"2023-04-12T13:28:42","guid":{"rendered":"https:\/\/fadir.ufms.br\/?page_id=8360"},"modified":"2024-03-26T08:25:37","modified_gmt":"2024-03-26T12:25:37","slug":"manual-da-pratica-juridica-2023","status":"publish","type":"page","link":"https:\/\/fadir.ufms.br\/en\/manual-da-pratica-juridica-2023\/","title":{"rendered":"(Portugu\u00eas do Brasil) Manual da Pr\u00e1tica Jur\u00eddica 2024"},"content":{"rendered":"<p class=\"qtranxs-available-languages-message qtranxs-available-languages-message-en\">Sorry, this entry is only available in <a href=\"https:\/\/fadir.ufms.br\/pb\/wp-json\/wp\/v2\/pages\/8360\" class=\"qtranxs-available-language-link qtranxs-available-language-link-pb\" title=\"Portugu\u00eas do Brasil\">Portugu\u00eas do Brasil<\/a>.<\/p>","protected":false},"excerpt":{"rendered":"<p>Sorry, this entry is only available in Portugu\u00eas do Brasil.<\/p>\n","protected":false},"author":14857,"featured_media":0,"parent":0,"menu_order":0,"comment_status":"closed","ping_status":"closed","template":"","meta":{"footnotes":""},"coauthors":[],"class_list":["post-8360","page","type-page","status-publish","hentry"],"_links":{"self":[{"href":"https:\/\/fadir.ufms.br\/en\/wp-json\/wp\/v2\/pages\/8360","targetHints":{"allow":["GET"]}}],"collection":[{"href":"https:\/\/fadir.ufms.br\/en\/wp-json\/wp\/v2\/pages"}],"about":[{"href":"https:\/\/fadir.ufms.br\/en\/wp-json\/wp\/v2\/types\/page"}],"author":[{"embeddable":true,"href":"https:\/\/fadir.ufms.br\/en\/wp-json\/wp\/v2\/users\/14857"}],"replies":[{"embeddable":true,"href":"https:\/\/fadir.ufms.br\/en\/wp-json\/wp\/v2\/comments?post=8360"}],"version-history":[{"count":7,"href":"https:\/\/fadir.ufms.br\/en\/wp-json\/wp\/v2\/pages\/8360\/revisions"}],"predecessor-version":[{"id":9134,"href":"https:\/\/fadir.ufms.br\/en\/wp-json\/wp\/v2\/pages\/8360\/revisions\/9134"}],"wp:attachment":[{"href":"https:\/\/fadir.ufms.br\/en\/wp-json\/wp\/v2\/media?parent=8360"}],"wp:term":[{"taxonomy":"author","embeddable":true,"href":"https:\/\/fadir.ufms.br\/en\/wp-json\/wp\/v2\/coauthors?post=8360"}],"curies":[{"name":"wp","href":"https:\/\/api.w.org\/{rel}","templated":true}]}}