{"id":8342,"date":"2023-04-12T08:48:26","date_gmt":"2023-04-12T12:48:26","guid":{"rendered":"https:\/\/fadir.ufms.br\/?page_id=8342"},"modified":"2023-05-05T08:14:59","modified_gmt":"2023-05-05T12:14:59","slug":"anexo-i-e-ii-manual-da-praticas-juridicas","status":"publish","type":"page","link":"https:\/\/fadir.ufms.br\/en\/anexo-i-e-ii-manual-da-praticas-juridicas\/","title":{"rendered":"(Portugu\u00eas do Brasil) Anexo I e II &#8211; Manual da Pr\u00e1ticas Jur\u00eddicas"},"content":{"rendered":"<p class=\"qtranxs-available-languages-message qtranxs-available-languages-message-en\">Sorry, this entry is only available in <a href=\"https:\/\/fadir.ufms.br\/pb\/wp-json\/wp\/v2\/pages\/8342\" class=\"qtranxs-available-language-link qtranxs-available-language-link-pb\" title=\"Portugu\u00eas do Brasil\">Portugu\u00eas do Brasil<\/a>.<\/p>","protected":false},"excerpt":{"rendered":"<p>Sorry, this entry is only available in Portugu\u00eas do Brasil.<\/p>\n","protected":false},"author":14857,"featured_media":0,"parent":0,"menu_order":0,"comment_status":"closed","ping_status":"closed","template":"","meta":{"footnotes":""},"coauthors":[],"class_list":["post-8342","page","type-page","status-publish","hentry"],"_links":{"self":[{"href":"https:\/\/fadir.ufms.br\/en\/wp-json\/wp\/v2\/pages\/8342","targetHints":{"allow":["GET"]}}],"collection":[{"href":"https:\/\/fadir.ufms.br\/en\/wp-json\/wp\/v2\/pages"}],"about":[{"href":"https:\/\/fadir.ufms.br\/en\/wp-json\/wp\/v2\/types\/page"}],"author":[{"embeddable":true,"href":"https:\/\/fadir.ufms.br\/en\/wp-json\/wp\/v2\/users\/14857"}],"replies":[{"embeddable":true,"href":"https:\/\/fadir.ufms.br\/en\/wp-json\/wp\/v2\/comments?post=8342"}],"version-history":[{"count":10,"href":"https:\/\/fadir.ufms.br\/en\/wp-json\/wp\/v2\/pages\/8342\/revisions"}],"predecessor-version":[{"id":8468,"href":"https:\/\/fadir.ufms.br\/en\/wp-json\/wp\/v2\/pages\/8342\/revisions\/8468"}],"wp:attachment":[{"href":"https:\/\/fadir.ufms.br\/en\/wp-json\/wp\/v2\/media?parent=8342"}],"wp:term":[{"taxonomy":"author","embeddable":true,"href":"https:\/\/fadir.ufms.br\/en\/wp-json\/wp\/v2\/coauthors?post=8342"}],"curies":[{"name":"wp","href":"https:\/\/api.w.org\/{rel}","templated":true}]}}