{"id":8256,"date":"2023-03-15T09:21:31","date_gmt":"2023-03-15T13:21:31","guid":{"rendered":"https:\/\/fadir.ufms.br\/?page_id=8256"},"modified":"2024-07-25T09:01:12","modified_gmt":"2024-07-25T13:01:12","slug":"manual-de-solicitacao-no-sei-do-espaco-multiuso-anfiteatro-1-e-2-para-eventos-para-usuarios-internos","status":"publish","type":"page","link":"https:\/\/fadir.ufms.br\/en\/manual-de-solicitacao-no-sei-do-espaco-multiuso-anfiteatro-1-e-2-para-eventos-para-usuarios-internos\/","title":{"rendered":"(Portugu\u00eas do Brasil) MANUAL DE SOLICITA\u00c7\u00c3O NO SEI DO ESPA\u00c7O MULTIUSO (ANFITEATRO 1 E 2) PARA EVENTOS (PARA USU\u00c1RIOS INTERNOS)"},"content":{"rendered":"<p class=\"qtranxs-available-languages-message qtranxs-available-languages-message-en\">Sorry, this entry is only available in <a href=\"https:\/\/fadir.ufms.br\/pb\/wp-json\/wp\/v2\/pages\/8256\" class=\"qtranxs-available-language-link qtranxs-available-language-link-pb\" title=\"Portugu\u00eas do Brasil\">Portugu\u00eas do Brasil<\/a>.<\/p>","protected":false},"excerpt":{"rendered":"<p>Sorry, this entry is only available in Portugu\u00eas do Brasil.<\/p>\n","protected":false},"author":14857,"featured_media":0,"parent":0,"menu_order":0,"comment_status":"closed","ping_status":"closed","template":"","meta":{"footnotes":""},"coauthors":[],"class_list":["post-8256","page","type-page","status-publish","hentry"],"_links":{"self":[{"href":"https:\/\/fadir.ufms.br\/en\/wp-json\/wp\/v2\/pages\/8256","targetHints":{"allow":["GET"]}}],"collection":[{"href":"https:\/\/fadir.ufms.br\/en\/wp-json\/wp\/v2\/pages"}],"about":[{"href":"https:\/\/fadir.ufms.br\/en\/wp-json\/wp\/v2\/types\/page"}],"author":[{"embeddable":true,"href":"https:\/\/fadir.ufms.br\/en\/wp-json\/wp\/v2\/users\/14857"}],"replies":[{"embeddable":true,"href":"https:\/\/fadir.ufms.br\/en\/wp-json\/wp\/v2\/comments?post=8256"}],"version-history":[{"count":5,"href":"https:\/\/fadir.ufms.br\/en\/wp-json\/wp\/v2\/pages\/8256\/revisions"}],"predecessor-version":[{"id":9339,"href":"https:\/\/fadir.ufms.br\/en\/wp-json\/wp\/v2\/pages\/8256\/revisions\/9339"}],"wp:attachment":[{"href":"https:\/\/fadir.ufms.br\/en\/wp-json\/wp\/v2\/media?parent=8256"}],"wp:term":[{"taxonomy":"author","embeddable":true,"href":"https:\/\/fadir.ufms.br\/en\/wp-json\/wp\/v2\/coauthors?post=8256"}],"curies":[{"name":"wp","href":"https:\/\/api.w.org\/{rel}","templated":true}]}}