{"id":8113,"date":"2022-11-29T14:11:48","date_gmt":"2022-11-29T18:11:48","guid":{"rendered":"https:\/\/fadir.ufms.br\/?page_id=8113"},"modified":"2023-10-25T14:36:02","modified_gmt":"2023-10-25T18:36:02","slug":"orientacoes-para-instalacao-de-placa-mural-de-formando","status":"publish","type":"page","link":"https:\/\/fadir.ufms.br\/en\/orientacoes-para-instalacao-de-placa-mural-de-formando\/","title":{"rendered":"(Portugu\u00eas do Brasil) Orienta\u00e7\u00f5es para Instala\u00e7\u00e3o de Placa Mural de Formando"},"content":{"rendered":"<p class=\"qtranxs-available-languages-message qtranxs-available-languages-message-en\">Sorry, this entry is only available in <a href=\"https:\/\/fadir.ufms.br\/pb\/wp-json\/wp\/v2\/pages\/8113\" class=\"qtranxs-available-language-link qtranxs-available-language-link-pb\" title=\"Portugu\u00eas do Brasil\">Portugu\u00eas do Brasil<\/a>.<\/p>","protected":false},"excerpt":{"rendered":"<p>Sorry, this entry is only available in Portugu\u00eas do Brasil.<\/p>\n","protected":false},"author":14857,"featured_media":0,"parent":0,"menu_order":0,"comment_status":"closed","ping_status":"closed","template":"","meta":{"footnotes":""},"coauthors":[],"class_list":["post-8113","page","type-page","status-publish","hentry"],"_links":{"self":[{"href":"https:\/\/fadir.ufms.br\/en\/wp-json\/wp\/v2\/pages\/8113","targetHints":{"allow":["GET"]}}],"collection":[{"href":"https:\/\/fadir.ufms.br\/en\/wp-json\/wp\/v2\/pages"}],"about":[{"href":"https:\/\/fadir.ufms.br\/en\/wp-json\/wp\/v2\/types\/page"}],"author":[{"embeddable":true,"href":"https:\/\/fadir.ufms.br\/en\/wp-json\/wp\/v2\/users\/14857"}],"replies":[{"embeddable":true,"href":"https:\/\/fadir.ufms.br\/en\/wp-json\/wp\/v2\/comments?post=8113"}],"version-history":[{"count":9,"href":"https:\/\/fadir.ufms.br\/en\/wp-json\/wp\/v2\/pages\/8113\/revisions"}],"predecessor-version":[{"id":8787,"href":"https:\/\/fadir.ufms.br\/en\/wp-json\/wp\/v2\/pages\/8113\/revisions\/8787"}],"wp:attachment":[{"href":"https:\/\/fadir.ufms.br\/en\/wp-json\/wp\/v2\/media?parent=8113"}],"wp:term":[{"taxonomy":"author","embeddable":true,"href":"https:\/\/fadir.ufms.br\/en\/wp-json\/wp\/v2\/coauthors?post=8113"}],"curies":[{"name":"wp","href":"https:\/\/api.w.org\/{rel}","templated":true}]}}