{"id":8111,"date":"2022-11-29T14:10:05","date_gmt":"2022-11-29T18:10:05","guid":{"rendered":"https:\/\/fadir.ufms.br\/?page_id=8111"},"modified":"2022-11-29T14:10:05","modified_gmt":"2022-11-29T18:10:05","slug":"instalacao-de-placa-mural-de-formandos","status":"publish","type":"page","link":"https:\/\/fadir.ufms.br\/en\/instalacao-de-placa-mural-de-formandos\/","title":{"rendered":"(Portugu\u00eas do Brasil) Instala\u00e7\u00e3o de placa mural de formandos"},"content":{"rendered":"","protected":false},"excerpt":{"rendered":"","protected":false},"author":14857,"featured_media":0,"parent":0,"menu_order":0,"comment_status":"closed","ping_status":"closed","template":"","meta":{"footnotes":""},"coauthors":[],"class_list":["post-8111","page","type-page","status-publish","hentry"],"_links":{"self":[{"href":"https:\/\/fadir.ufms.br\/en\/wp-json\/wp\/v2\/pages\/8111","targetHints":{"allow":["GET"]}}],"collection":[{"href":"https:\/\/fadir.ufms.br\/en\/wp-json\/wp\/v2\/pages"}],"about":[{"href":"https:\/\/fadir.ufms.br\/en\/wp-json\/wp\/v2\/types\/page"}],"author":[{"embeddable":true,"href":"https:\/\/fadir.ufms.br\/en\/wp-json\/wp\/v2\/users\/14857"}],"replies":[{"embeddable":true,"href":"https:\/\/fadir.ufms.br\/en\/wp-json\/wp\/v2\/comments?post=8111"}],"version-history":[{"count":1,"href":"https:\/\/fadir.ufms.br\/en\/wp-json\/wp\/v2\/pages\/8111\/revisions"}],"predecessor-version":[{"id":8112,"href":"https:\/\/fadir.ufms.br\/en\/wp-json\/wp\/v2\/pages\/8111\/revisions\/8112"}],"wp:attachment":[{"href":"https:\/\/fadir.ufms.br\/en\/wp-json\/wp\/v2\/media?parent=8111"}],"wp:term":[{"taxonomy":"author","embeddable":true,"href":"https:\/\/fadir.ufms.br\/en\/wp-json\/wp\/v2\/coauthors?post=8111"}],"curies":[{"name":"wp","href":"https:\/\/api.w.org\/{rel}","templated":true}]}}