{"id":7603,"date":"2022-05-26T13:26:00","date_gmt":"2022-05-26T17:26:00","guid":{"rendered":"https:\/\/fadir.ufms.br\/?page_id=7603"},"modified":"2022-05-26T13:26:00","modified_gmt":"2022-05-26T17:26:00","slug":"orgaos-colegiados","status":"publish","type":"page","link":"https:\/\/fadir.ufms.br\/en\/orgaos-colegiados\/","title":{"rendered":"(Portugu\u00eas do Brasil) \u00d3rg\u00e3os Colegiados"},"content":{"rendered":"","protected":false},"excerpt":{"rendered":"","protected":false},"author":14857,"featured_media":0,"parent":0,"menu_order":0,"comment_status":"closed","ping_status":"closed","template":"","meta":{"footnotes":""},"coauthors":[],"class_list":["post-7603","page","type-page","status-publish","hentry"],"_links":{"self":[{"href":"https:\/\/fadir.ufms.br\/en\/wp-json\/wp\/v2\/pages\/7603","targetHints":{"allow":["GET"]}}],"collection":[{"href":"https:\/\/fadir.ufms.br\/en\/wp-json\/wp\/v2\/pages"}],"about":[{"href":"https:\/\/fadir.ufms.br\/en\/wp-json\/wp\/v2\/types\/page"}],"author":[{"embeddable":true,"href":"https:\/\/fadir.ufms.br\/en\/wp-json\/wp\/v2\/users\/14857"}],"replies":[{"embeddable":true,"href":"https:\/\/fadir.ufms.br\/en\/wp-json\/wp\/v2\/comments?post=7603"}],"version-history":[{"count":1,"href":"https:\/\/fadir.ufms.br\/en\/wp-json\/wp\/v2\/pages\/7603\/revisions"}],"predecessor-version":[{"id":7604,"href":"https:\/\/fadir.ufms.br\/en\/wp-json\/wp\/v2\/pages\/7603\/revisions\/7604"}],"wp:attachment":[{"href":"https:\/\/fadir.ufms.br\/en\/wp-json\/wp\/v2\/media?parent=7603"}],"wp:term":[{"taxonomy":"author","embeddable":true,"href":"https:\/\/fadir.ufms.br\/en\/wp-json\/wp\/v2\/coauthors?post=7603"}],"curies":[{"name":"wp","href":"https:\/\/api.w.org\/{rel}","templated":true}]}}