{"id":7594,"date":"2022-05-26T10:57:30","date_gmt":"2022-05-26T14:57:30","guid":{"rendered":"https:\/\/fadir.ufms.br\/?page_id=7594"},"modified":"2022-05-26T10:57:30","modified_gmt":"2022-05-26T14:57:30","slug":"direcao-fadir","status":"publish","type":"page","link":"https:\/\/fadir.ufms.br\/en\/direcao-fadir\/","title":{"rendered":"(Portugu\u00eas do Brasil) Dire\u00e7\u00e3o FADIR"},"content":{"rendered":"","protected":false},"excerpt":{"rendered":"","protected":false},"author":14857,"featured_media":0,"parent":0,"menu_order":0,"comment_status":"closed","ping_status":"closed","template":"","meta":{"footnotes":""},"coauthors":[],"class_list":["post-7594","page","type-page","status-publish","hentry"],"_links":{"self":[{"href":"https:\/\/fadir.ufms.br\/en\/wp-json\/wp\/v2\/pages\/7594","targetHints":{"allow":["GET"]}}],"collection":[{"href":"https:\/\/fadir.ufms.br\/en\/wp-json\/wp\/v2\/pages"}],"about":[{"href":"https:\/\/fadir.ufms.br\/en\/wp-json\/wp\/v2\/types\/page"}],"author":[{"embeddable":true,"href":"https:\/\/fadir.ufms.br\/en\/wp-json\/wp\/v2\/users\/14857"}],"replies":[{"embeddable":true,"href":"https:\/\/fadir.ufms.br\/en\/wp-json\/wp\/v2\/comments?post=7594"}],"version-history":[{"count":1,"href":"https:\/\/fadir.ufms.br\/en\/wp-json\/wp\/v2\/pages\/7594\/revisions"}],"predecessor-version":[{"id":7595,"href":"https:\/\/fadir.ufms.br\/en\/wp-json\/wp\/v2\/pages\/7594\/revisions\/7595"}],"wp:attachment":[{"href":"https:\/\/fadir.ufms.br\/en\/wp-json\/wp\/v2\/media?parent=7594"}],"wp:term":[{"taxonomy":"author","embeddable":true,"href":"https:\/\/fadir.ufms.br\/en\/wp-json\/wp\/v2\/coauthors?post=7594"}],"curies":[{"name":"wp","href":"https:\/\/api.w.org\/{rel}","templated":true}]}}