{"id":6606,"date":"2021-03-04T09:00:27","date_gmt":"2021-03-04T13:00:27","guid":{"rendered":"https:\/\/fadir.ufms.br\/?page_id=6606"},"modified":"2021-03-04T09:00:27","modified_gmt":"2021-03-04T13:00:27","slug":"acordos-de-cooperacao-convenios-protocolo-de-intencoes","status":"publish","type":"page","link":"https:\/\/fadir.ufms.br\/en\/acordos-de-cooperacao-convenios-protocolo-de-intencoes\/","title":{"rendered":"(Portugu\u00eas do Brasil) Acordos de Coopera\u00e7\u00e3o\/Conv\u00eanios\/Protocolo de Inten\u00e7\u00f5es"},"content":{"rendered":"<p class=\"qtranxs-available-languages-message qtranxs-available-languages-message-en\">Sorry, this entry is only available in <a href=\"https:\/\/fadir.ufms.br\/pb\/wp-json\/wp\/v2\/pages\/6606\" class=\"qtranxs-available-language-link qtranxs-available-language-link-pb\" title=\"Portugu\u00eas do Brasil\">Portugu\u00eas do Brasil<\/a>.<\/p>","protected":false},"excerpt":{"rendered":"","protected":false},"author":41474,"featured_media":0,"parent":0,"menu_order":0,"comment_status":"closed","ping_status":"closed","template":"","meta":{"footnotes":""},"coauthors":[],"class_list":["post-6606","page","type-page","status-publish","hentry"],"_links":{"self":[{"href":"https:\/\/fadir.ufms.br\/en\/wp-json\/wp\/v2\/pages\/6606","targetHints":{"allow":["GET"]}}],"collection":[{"href":"https:\/\/fadir.ufms.br\/en\/wp-json\/wp\/v2\/pages"}],"about":[{"href":"https:\/\/fadir.ufms.br\/en\/wp-json\/wp\/v2\/types\/page"}],"author":[{"embeddable":true,"href":"https:\/\/fadir.ufms.br\/en\/wp-json\/wp\/v2\/users\/41474"}],"replies":[{"embeddable":true,"href":"https:\/\/fadir.ufms.br\/en\/wp-json\/wp\/v2\/comments?post=6606"}],"version-history":[{"count":1,"href":"https:\/\/fadir.ufms.br\/en\/wp-json\/wp\/v2\/pages\/6606\/revisions"}],"predecessor-version":[{"id":6608,"href":"https:\/\/fadir.ufms.br\/en\/wp-json\/wp\/v2\/pages\/6606\/revisions\/6608"}],"wp:attachment":[{"href":"https:\/\/fadir.ufms.br\/en\/wp-json\/wp\/v2\/media?parent=6606"}],"wp:term":[{"taxonomy":"author","embeddable":true,"href":"https:\/\/fadir.ufms.br\/en\/wp-json\/wp\/v2\/coauthors?post=6606"}],"curies":[{"name":"wp","href":"https:\/\/api.w.org\/{rel}","templated":true}]}}