{"id":622,"date":"2013-03-01T10:36:31","date_gmt":"2013-03-01T14:36:31","guid":{"rendered":"http:\/\/fadir.draconis.ufms.br\/?page_id=622"},"modified":"2024-04-30T13:14:29","modified_gmt":"2024-04-30T17:14:29","slug":"pos-direitoshumanos","status":"publish","type":"page","link":"https:\/\/fadir.ufms.br\/en\/finalizadas\/pos-direitoshumanos\/","title":{"rendered":"Graduate Program: Education in Human Rights"},"content":{"rendered":"<a href=\"http:\/\/fadir.draconis.ufms.br\/files\/2013\/03\/RESOLU\u00c7\u00c3O-COPP-n\u00ba-63-de-26-05-2015_Altera\u00e7\u00e3o-na-Estrutura-Curricular-da-p\u00f3s-EDH.pdf\">RESOLU\u00c7\u00c3O (COPP) n\u00ba 63, de 26-05-2015_Altera\u00e7\u00e3o na Estrutura Curricular da p\u00f3s EDH<\/a><\/p>\n<p><a href=\"http:\/\/fadir.draconis.ufms.br\/files\/2013\/03\/RESOLU\u00c7\u00c3O-COPP-n\u00ba-62-de-26-05-2015_Altera\u00e7\u00e3o-no-Corpo-Docente-da-p\u00f3s-EDH.pdf\">RESOLU\u00c7\u00c3O (COPP) n\u00ba 62, de 26-05-2015_Altera\u00e7\u00e3o no Corpo Docente da p\u00f3s EDH<\/a><\/p>\n<p>EDITAL (PROPP-RTR) n\u00ba 58, de 21-05-2015_Quinta convoca\u00e7\u00e3o para matr\u00edcula<\/p>\n<p><a href=\"http:\/\/fadir.draconis.ufms.br\/files\/2015\/05\/EDITAL-PROPP-RTR-n\u00ba-52-de-13-05-2015_Quarta-convoca\u00e7\u00e3o-para-matr\u00edcula.pdf\">EDITAL (PROPP-RTR) n\u00ba 52, de 13-05-2015_Quarta convoca\u00e7\u00e3o para matr\u00edcula<\/a><\/p>\n<p><a href=\"http:\/\/fadir.draconis.ufms.br\/files\/2015\/05\/EDITAL-PROPP-RTR-n\u00ba-46-de-04-05-2015_Terceira-convoca\u00e7\u00e3o-para-matr\u00edcula.pdf\">EDITAL (PROPP-RTR) n\u00ba 46, de 04-05-2015_Terceira convoca\u00e7\u00e3o para matr\u00edcula<\/a><\/p>\n<p><a href=\"http:\/\/fadir.draconis.ufms.br\/files\/2015\/04\/EDITAL-PROPP_RTR-n-43-de-24-04-2015..pdf\">EDITAL (PROPP_RTR) n 43, de 24-04-2015.<\/a><\/p>\n<p><a href=\"http:\/\/fadir.draconis.ufms.br\/files\/2015\/03\/EDITAL-PROPP-RTR-n\u00ba-35-de-30-03-2015-Resultado-final-da-sele\u00e7\u00e3o-de-alunos.pdf\">EDITAL (PROPP-RTR) n\u00ba 35, de 30-03-2015 &#8211; Resultado final da sele\u00e7\u00e3o de alunos<\/a><\/p>\n<p><a href=\"http:\/\/fadir.draconis.ufms.br\/files\/2015\/03\/EDITAL-FADIR-n\u00ba-10-de-17-03-2015-Resultado-dos-recursos.pdf\">EDITAL (FADIR) n\u00ba 10, de 17-03-2015 &#8211; Resultado dos recursos<\/a><\/p>\n<p><a href=\"http:\/\/fadir.draconis.ufms.br\/files\/2015\/03\/EDITAL-FADIR-n\u00ba-7-de-05-03-2015-Resultado-preliminar-da-sele\u00e7\u00e3o-de-cursistas_Republica\u00e7\u00e3o.pdf\">EDITAL (FADIR) n\u00ba 7, de 05-03-2015 &#8211; Resultado preliminar da sele\u00e7\u00e3o de cursistas_Republica\u00e7\u00e3o<\/a><a href=\"http:\/\/fadir.draconis.ufms.br\/files\/2015\/05\/Flyer-Aula-Inaugural-da-P\u00f3s-Gradua\u00e7\u00e3o-Educa\u00e7\u00e3o-em-Direitos-Humanos1.jpg\"><br \/>\n<\/a><a href=\"http:\/\/fadir.draconis.ufms.br\/files\/2013\/03\/EDITAL-PROPP-RTR-n\u00ba-3-de-16-01-2015-Prorroga\u00e7\u00e3o-das-inscri\u00e7\u00f5es-para-alunos.pdf\">EDITAL (PROPP-RTR) n\u00ba 3, de 16-01-2015 &#8211; Prorroga\u00e7\u00e3o das inscri\u00e7\u00f5es para alunos<\/a><\/p>\n<p><a href=\"http:\/\/fadir.draconis.ufms.br\/files\/2013\/03\/Resolu\u00e7\u00e3o-COPP-n\u00ba-40-de-20.03.2013_Normas-para-p\u00f3s-lato-sensu-a-dist\u00e2ncia.pdf\">Resolu\u00e7\u00e3o COPP n\u00ba 40, de 20.03.2013_Normas para p\u00f3s lato sensu a dist\u00e2ncia<\/a><\/p>\n<p><a href=\"http:\/\/fadir.draconis.ufms.br\/files\/2013\/03\/Resolu\u00e7\u00e3o-COPP-n\u00ba-97-de-25.10.2011_Normas-para-p\u00f3s-lato-sensu-presenciais.pdf\">Resolu\u00e7\u00e3o COPP n\u00ba 97, de 25.10.2011_Normas para p\u00f3s lato sensu presenciais<\/a><\/p>\n<p><a href=\"http:\/\/fadir.draconis.ufms.br\/files\/2013\/03\/EDITAL-PROPP-RTR-n\u00ba-144-de-10-12-2014-Sele\u00e7\u00e3o-de-tutores-para-p\u00f3s-EDH.pdf\">EDITAL (PROPP-RTR) n\u00ba 144, de 10-12-2014 &#8211; Sele\u00e7\u00e3o de tutores para p\u00f3s EDH<\/a><\/p>\n<p><a href=\"http:\/\/fadir.draconis.ufms.br\/files\/2013\/03\/EDITAL-PROPP-RTR-n\u00ba-145-de-10-12-2014-Sele\u00e7\u00e3o-de-alunos-para-p\u00f3s-EDH.pdf\">EDITAL (PROPP-RTR) n\u00ba 145, de 10-12-2014 &#8211; Sele\u00e7\u00e3o de alunos para p\u00f3s EDH<\/a><\/p>\n<p><a href=\"http:\/\/fadir.draconis.ufms.br\/files\/2014\/12\/EDITAL-PROPP-RTR-n\u00ba-153-de-18-12-2014-Retifica\u00e7\u00e3o-do-Edital-PROPP-n\u00ba-144-20141.pdf\">EDITAL (PROPP-RTR) n\u00ba 153, de 18-12-2014 &#8211; Retifica\u00e7\u00e3o do Edital PROPP n\u00ba 144-2014<\/a><\/p>\n<p><a href=\"http:\/\/fadir.draconis.ufms.br\/files\/2013\/03\/RESOLU\u00c7\u00c3O-COPP-n\u00ba-190-de-28-11-2014-Corpo-docente-p\u00f3s-EDH-1.pdf\">RESOLU\u00c7\u00c3O (COPP) n\u00ba 190, de 28-11-2014 &#8211; Corpo docente p\u00f3s EDH <\/a><\/p>\n<p><a href=\"http:\/\/fadir.draconis.ufms.br\/files\/2013\/03\/RESOLU\u00c7\u00c3O-COPP-n\u00ba-191-de-28-11-2014-Estrutura-curricular-p\u00f3s-EDH-1.pdf\">RESOLU\u00c7\u00c3O (COPP) n\u00ba 191, de 28-11-2014 &#8211; Estrutura curricular p\u00f3s EDH <\/a><\/p>\n<p><a href=\"http:\/\/fadir.draconis.ufms.br\/files\/2013\/03\/RESOLU\u00c7\u00c3O-COPP-n\u00ba-192-de-28-11-2014-Regulamento-p\u00f3s-EDH.pdf\">RESOLU\u00c7\u00c3O (COPP) n\u00ba 192, de 28-11-2014 &#8211; Regulamento p\u00f3s EDH<\/a>","protected":false},"excerpt":{"rendered":"<p>RESOLU\u00c7\u00c3O (COPP) n\u00ba 63, de 26-05-2015_Altera\u00e7\u00e3o na Estrutura Curricular da p\u00f3s EDH RESOLU\u00c7\u00c3O (COPP) n\u00ba 62, de 26-05-2015_Altera\u00e7\u00e3o no Corpo Docente da p\u00f3s EDH EDITAL (PROPP-RTR) n\u00ba 58, de 21-05-2015_Quinta convoca\u00e7\u00e3o para matr\u00edcula EDITAL (PROPP-RTR) n\u00ba 52, de 13-05-2015_Quarta convoca\u00e7\u00e3o para matr\u00edcula EDITAL (PROPP-RTR) n\u00ba 46, de 04-05-2015_Terceira convoca\u00e7\u00e3o para matr\u00edcula EDITAL (PROPP_RTR) n 43, [&hellip;]<\/p>\n","protected":false},"author":146,"featured_media":0,"parent":4365,"menu_order":0,"comment_status":"closed","ping_status":"closed","template":"","meta":{"footnotes":""},"coauthors":[],"class_list":["post-622","page","type-page","status-publish","hentry"],"_links":{"self":[{"href":"https:\/\/fadir.ufms.br\/en\/wp-json\/wp\/v2\/pages\/622","targetHints":{"allow":["GET"]}}],"collection":[{"href":"https:\/\/fadir.ufms.br\/en\/wp-json\/wp\/v2\/pages"}],"about":[{"href":"https:\/\/fadir.ufms.br\/en\/wp-json\/wp\/v2\/types\/page"}],"author":[{"embeddable":true,"href":"https:\/\/fadir.ufms.br\/en\/wp-json\/wp\/v2\/users\/146"}],"replies":[{"embeddable":true,"href":"https:\/\/fadir.ufms.br\/en\/wp-json\/wp\/v2\/comments?post=622"}],"version-history":[{"count":40,"href":"https:\/\/fadir.ufms.br\/en\/wp-json\/wp\/v2\/pages\/622\/revisions"}],"predecessor-version":[{"id":9225,"href":"https:\/\/fadir.ufms.br\/en\/wp-json\/wp\/v2\/pages\/622\/revisions\/9225"}],"up":[{"embeddable":true,"href":"https:\/\/fadir.ufms.br\/en\/wp-json\/wp\/v2\/pages\/4365"}],"wp:attachment":[{"href":"https:\/\/fadir.ufms.br\/en\/wp-json\/wp\/v2\/media?parent=622"}],"wp:term":[{"taxonomy":"author","embeddable":true,"href":"https:\/\/fadir.ufms.br\/en\/wp-json\/wp\/v2\/coauthors?post=622"}],"curies":[{"name":"wp","href":"https:\/\/api.w.org\/{rel}","templated":true}]}}