{"id":6201,"date":"2020-06-29T15:56:08","date_gmt":"2020-06-29T19:56:08","guid":{"rendered":"https:\/\/fadir.ufms.br\/?page_id=6201"},"modified":"2024-04-30T13:11:43","modified_gmt":"2024-04-30T17:11:43","slug":"gestao-em-seguranca-publica","status":"publish","type":"page","link":"https:\/\/fadir.ufms.br\/en\/finalizadas\/gestao-em-seguranca-publica\/","title":{"rendered":"(Portugu\u00eas do Brasil) Gest\u00e3o em Seguran\u00e7a P\u00fablica (EaD) &#8211; Turma 2020\/2022"},"content":{"rendered":"<p class=\"qtranxs-available-languages-message qtranxs-available-languages-message-en\">Sorry, this entry is only available in <a href=\"https:\/\/fadir.ufms.br\/pb\/wp-json\/wp\/v2\/pages\/6201\" class=\"qtranxs-available-language-link qtranxs-available-language-link-pb\" title=\"Portugu\u00eas do Brasil\">Portugu\u00eas do Brasil<\/a>.<\/p>","protected":false},"excerpt":{"rendered":"<p>Sorry, this entry is only available in Portugu\u00eas do Brasil.<\/p>\n","protected":false},"author":471,"featured_media":0,"parent":4365,"menu_order":0,"comment_status":"closed","ping_status":"closed","template":"","meta":{"footnotes":""},"coauthors":[],"class_list":["post-6201","page","type-page","status-publish","hentry"],"_links":{"self":[{"href":"https:\/\/fadir.ufms.br\/en\/wp-json\/wp\/v2\/pages\/6201","targetHints":{"allow":["GET"]}}],"collection":[{"href":"https:\/\/fadir.ufms.br\/en\/wp-json\/wp\/v2\/pages"}],"about":[{"href":"https:\/\/fadir.ufms.br\/en\/wp-json\/wp\/v2\/types\/page"}],"author":[{"embeddable":true,"href":"https:\/\/fadir.ufms.br\/en\/wp-json\/wp\/v2\/users\/471"}],"replies":[{"embeddable":true,"href":"https:\/\/fadir.ufms.br\/en\/wp-json\/wp\/v2\/comments?post=6201"}],"version-history":[{"count":16,"href":"https:\/\/fadir.ufms.br\/en\/wp-json\/wp\/v2\/pages\/6201\/revisions"}],"predecessor-version":[{"id":9223,"href":"https:\/\/fadir.ufms.br\/en\/wp-json\/wp\/v2\/pages\/6201\/revisions\/9223"}],"up":[{"embeddable":true,"href":"https:\/\/fadir.ufms.br\/en\/wp-json\/wp\/v2\/pages\/4365"}],"wp:attachment":[{"href":"https:\/\/fadir.ufms.br\/en\/wp-json\/wp\/v2\/media?parent=6201"}],"wp:term":[{"taxonomy":"author","embeddable":true,"href":"https:\/\/fadir.ufms.br\/en\/wp-json\/wp\/v2\/coauthors?post=6201"}],"curies":[{"name":"wp","href":"https:\/\/api.w.org\/{rel}","templated":true}]}}