{"id":6187,"date":"2020-06-29T15:13:14","date_gmt":"2020-06-29T19:13:14","guid":{"rendered":"https:\/\/fadir.ufms.br\/?page_id=6187"},"modified":"2024-04-30T13:12:57","modified_gmt":"2024-04-30T17:12:57","slug":"pos-graduacao-em-gestao-judiciaria-turma-2017-2019","status":"publish","type":"page","link":"https:\/\/fadir.ufms.br\/en\/finalizadas\/pos-graduacao-em-gestao-judiciaria-turma-2017-2019\/","title":{"rendered":"(Portugu\u00eas do Brasil) Gest\u00e3o Judici\u00e1ria (Presencial) &#8211; Turma 2017\/2019"},"content":{"rendered":"<p class=\"qtranxs-available-languages-message qtranxs-available-languages-message-en\">Sorry, this entry is only available in <a href=\"https:\/\/fadir.ufms.br\/pb\/wp-json\/wp\/v2\/pages\/6187\" class=\"qtranxs-available-language-link qtranxs-available-language-link-pb\" title=\"Portugu\u00eas do Brasil\">Portugu\u00eas do Brasil<\/a>.<\/p>","protected":false},"excerpt":{"rendered":"<p>Sorry, this entry is only available in Portugu\u00eas do Brasil.<\/p>\n","protected":false},"author":471,"featured_media":0,"parent":4365,"menu_order":0,"comment_status":"closed","ping_status":"closed","template":"","meta":{"footnotes":""},"coauthors":[],"class_list":["post-6187","page","type-page","status-publish","hentry"],"_links":{"self":[{"href":"https:\/\/fadir.ufms.br\/en\/wp-json\/wp\/v2\/pages\/6187","targetHints":{"allow":["GET"]}}],"collection":[{"href":"https:\/\/fadir.ufms.br\/en\/wp-json\/wp\/v2\/pages"}],"about":[{"href":"https:\/\/fadir.ufms.br\/en\/wp-json\/wp\/v2\/types\/page"}],"author":[{"embeddable":true,"href":"https:\/\/fadir.ufms.br\/en\/wp-json\/wp\/v2\/users\/471"}],"replies":[{"embeddable":true,"href":"https:\/\/fadir.ufms.br\/en\/wp-json\/wp\/v2\/comments?post=6187"}],"version-history":[{"count":6,"href":"https:\/\/fadir.ufms.br\/en\/wp-json\/wp\/v2\/pages\/6187\/revisions"}],"predecessor-version":[{"id":9224,"href":"https:\/\/fadir.ufms.br\/en\/wp-json\/wp\/v2\/pages\/6187\/revisions\/9224"}],"up":[{"embeddable":true,"href":"https:\/\/fadir.ufms.br\/en\/wp-json\/wp\/v2\/pages\/4365"}],"wp:attachment":[{"href":"https:\/\/fadir.ufms.br\/en\/wp-json\/wp\/v2\/media?parent=6187"}],"wp:term":[{"taxonomy":"author","embeddable":true,"href":"https:\/\/fadir.ufms.br\/en\/wp-json\/wp\/v2\/coauthors?post=6187"}],"curies":[{"name":"wp","href":"https:\/\/api.w.org\/{rel}","templated":true}]}}