{"id":4365,"date":"2018-03-23T13:14:03","date_gmt":"2018-03-23T17:14:03","guid":{"rendered":"https:\/\/fadir.ufms.br\/?page_id=4365"},"modified":"2026-03-26T09:13:11","modified_gmt":"2026-03-26T13:13:11","slug":"finalizadas","status":"publish","type":"page","link":"https:\/\/fadir.ufms.br\/en\/finalizadas\/","title":{"rendered":"(Portugu\u00eas do Brasil) P\u00f3s-gradua\u00e7\u00e3o lato sensu (especializa\u00e7\u00e3o) &#8211; Cursos finalizados"},"content":{"rendered":"<p class=\"qtranxs-available-languages-message qtranxs-available-languages-message-en\">Sorry, this entry is only available in <a href=\"https:\/\/fadir.ufms.br\/pb\/wp-json\/wp\/v2\/pages\/4365\" class=\"qtranxs-available-language-link qtranxs-available-language-link-pb\" title=\"Portugu\u00eas do Brasil\">Portugu\u00eas do Brasil<\/a>.<\/p>","protected":false},"excerpt":{"rendered":"<p>Sorry, this entry is only available in Portugu\u00eas do Brasil.<\/p>\n","protected":false},"author":950,"featured_media":0,"parent":0,"menu_order":0,"comment_status":"closed","ping_status":"closed","template":"","meta":{"footnotes":""},"coauthors":[90],"class_list":["post-4365","page","type-page","status-publish","hentry"],"_links":{"self":[{"href":"https:\/\/fadir.ufms.br\/en\/wp-json\/wp\/v2\/pages\/4365","targetHints":{"allow":["GET"]}}],"collection":[{"href":"https:\/\/fadir.ufms.br\/en\/wp-json\/wp\/v2\/pages"}],"about":[{"href":"https:\/\/fadir.ufms.br\/en\/wp-json\/wp\/v2\/types\/page"}],"author":[{"embeddable":true,"href":"https:\/\/fadir.ufms.br\/en\/wp-json\/wp\/v2\/users\/950"}],"replies":[{"embeddable":true,"href":"https:\/\/fadir.ufms.br\/en\/wp-json\/wp\/v2\/comments?post=4365"}],"version-history":[{"count":18,"href":"https:\/\/fadir.ufms.br\/en\/wp-json\/wp\/v2\/pages\/4365\/revisions"}],"predecessor-version":[{"id":10341,"href":"https:\/\/fadir.ufms.br\/en\/wp-json\/wp\/v2\/pages\/4365\/revisions\/10341"}],"wp:attachment":[{"href":"https:\/\/fadir.ufms.br\/en\/wp-json\/wp\/v2\/media?parent=4365"}],"wp:term":[{"taxonomy":"author","embeddable":true,"href":"https:\/\/fadir.ufms.br\/en\/wp-json\/wp\/v2\/coauthors?post=4365"}],"curies":[{"name":"wp","href":"https:\/\/api.w.org\/{rel}","templated":true}]}}