{"id":249,"date":"2013-02-25T10:56:20","date_gmt":"2013-02-25T14:56:20","guid":{"rendered":"http:\/\/fadir.draconis.ufms.br\/?page_id=249"},"modified":"2026-03-04T09:58:14","modified_gmt":"2026-03-04T13:58:14","slug":"professores-efetivos","status":"publish","type":"page","link":"https:\/\/fadir.ufms.br\/en\/professores-efetivos\/","title":{"rendered":"Faculty"},"content":{"rendered":"Ynes da Silva F\u00e9lix &#8211; Director<br \/>\n<a href=\"http:\/\/lattes.cnpq.br\/0500761921703870\" target=\"_blank\" rel=\"noopener noreferrer\">See Curriculum Vitae (Lattes)<\/a><\/p>\n<p>Ana Paula Martins Amaral<br \/>\n<a href=\"http:\/\/lattes.cnpq.br\/0500761921703870\" target=\"_blank\" rel=\"noopener noreferrer\">See Curriculum Vitae (Lattes)<\/a><\/p>\n<p>Andr\u00e9 Puccinelli J\u00fanior<br \/>\n<a href=\"http:\/\/lattes.cnpq.br\/0500761921703870\" target=\"_blank\" rel=\"noopener noreferrer\">See Curriculum Vitae (Lattes)<\/a><\/p>\n<p>Andrea Flores<br \/>\n<a href=\"http:\/\/lattes.cnpq.br\/0500761921703870\" target=\"_blank\" rel=\"noopener noreferrer\">See Curriculum Vitae (Lattes)<\/a><\/p>\n<p>Aurelio Tomaz da Silva Briltes<br \/>\n<a href=\"http:\/\/lattes.cnpq.br\/0500761921703870\" target=\"_blank\" rel=\"noopener noreferrer\">See Curriculum Vitae (Lattes)<\/a><\/p>\n<p>Carlos Martins de Almeida Prado<br \/>\n<a href=\"http:\/\/lattes.cnpq.br\/0500761921703870\" target=\"_blank\" rel=\"noopener noreferrer\">See Curriculum Vitae (Lattes)<\/a><\/p>\n<p>Fernando Lopes Nogueira<br \/>\n<a href=\"http:\/\/lattes.cnpq.br\/0500761921703870\" target=\"_blank\" rel=\"noopener noreferrer\">See Curriculum Vitae (Lattes)<\/a><\/p>\n<p>Ivan Corr\u00eaa Leite<br \/>\n<a href=\"http:\/\/lattes.cnpq.br\/0500761921703870\" target=\"_blank\" rel=\"noopener noreferrer\">See Curriculum Vitae (Lattes)<\/a><\/p>\n<p>Jos\u00e9 Paulo Gutierrez<br \/>\n<a href=\"http:\/\/lattes.cnpq.br\/0500761921703870\" target=\"_blank\" rel=\"noopener noreferrer\">See Curriculum Vitae (Lattes)<\/a><\/p>\n<p>L\u00eddia Maria Ribas<br \/>\n<a href=\"http:\/\/lattes.cnpq.br\/0500761921703870\" target=\"_blank\" rel=\"noopener noreferrer\">See Curriculum Vitae (Lattes)<\/a><\/p>\n<p>L\u00edvia Gaigher Bosio Campello<br \/>\n<a href=\"http:\/\/lattes.cnpq.br\/0500761921703870\" target=\"_blank\" rel=\"noopener noreferrer\">See Curriculum Vitae (Lattes)<\/a><\/p>\n<p>Luciane Gregio Soares Linjardi &#8211; Coordenadora do Curso<br \/>\n<a href=\"http:\/\/lattes.cnpq.br\/0500761921703870\" target=\"_blank\" rel=\"noopener noreferrer\">See Curriculum Vitae (Lattes)<\/a><\/p>\n<p>Luciani Coimbra de Carvalho<br \/>\n<a href=\"http:\/\/lattes.cnpq.br\/0500761921703870\" target=\"_blank\" rel=\"noopener noreferrer\">See Curriculum Vitae (Lattes)<\/a><\/p>\n<p>Luis Fernando Sgarbossa<br \/>\n<a href=\"http:\/\/lattes.cnpq.br\/0500761921703870\" target=\"_blank\" rel=\"noopener noreferrer\">See Curriculum Vitae (Lattes)<\/a><\/p>\n<p>Maurinice Evaristo Wenceslau<br \/>\n<a href=\"http:\/\/lattes.cnpq.br\/0500761921703870\" target=\"_blank\" rel=\"noopener noreferrer\">See Curriculum Vitae (Lattes)<\/a><\/p>\n<p>Ney Alves Veras<br \/>\n<a href=\"http:\/\/lattes.cnpq.br\/0500761921703870\" target=\"_blank\" rel=\"noopener noreferrer\">See Curriculum Vitae (Lattes)<\/a><\/p>\n<p>Nilton C\u00e9sar Antunes da Costa<br \/>\n<a href=\"http:\/\/lattes.cnpq.br\/0500761921703870\" target=\"_blank\" rel=\"noopener noreferrer\">See Curriculum Vitae (Lattes)<\/a><\/p>\n<p>Rejane Alves de Arruda<br \/>\n<a href=\"http:\/\/lattes.cnpq.br\/0500761921703870\" target=\"_blank\" rel=\"noopener noreferrer\">See Curriculum Vitae (Lattes)<\/a><\/p>\n<p>Rog\u00e9rio Mayer<br \/>\n<a href=\"http:\/\/lattes.cnpq.br\/0500761921703870\" target=\"_blank\" rel=\"noopener noreferrer\">See Curriculum Vitae (Lattes)<\/a><\/p>\n<p>Sandro Rog\u00e9rio Monteiro de Oliveira<br \/>\n<a href=\"http:\/\/lattes.cnpq.br\/0500761921703870\" target=\"_blank\" rel=\"noopener noreferrer\">See Curriculum Vitae (Lattes)<\/a><\/p>\n<p>Tatiana Azambuja Ujacow<br \/>\n<a href=\"http:\/\/lattes.cnpq.br\/0500761921703870\" target=\"_blank\" rel=\"noopener noreferrer\">See Curriculum Vitae (Lattes)<\/a>","protected":false},"excerpt":{"rendered":"<p>Ynes da Silva F\u00e9lix &#8211; Director See Curriculum Vitae (Lattes) Ana Paula Martins Amaral See Curriculum Vitae (Lattes) Andr\u00e9 Puccinelli J\u00fanior See Curriculum Vitae (Lattes) Andrea Flores See Curriculum Vitae (Lattes) Aurelio Tomaz da Silva Briltes See Curriculum Vitae (Lattes) Carlos Martins de Almeida Prado See Curriculum Vitae (Lattes) Fernando Lopes Nogueira See Curriculum Vitae [&hellip;]<\/p>\n","protected":false},"author":146,"featured_media":0,"parent":0,"menu_order":0,"comment_status":"closed","ping_status":"closed","template":"","meta":{"footnotes":""},"coauthors":[86],"class_list":["post-249","page","type-page","status-publish","hentry"],"_links":{"self":[{"href":"https:\/\/fadir.ufms.br\/en\/wp-json\/wp\/v2\/pages\/249","targetHints":{"allow":["GET"]}}],"collection":[{"href":"https:\/\/fadir.ufms.br\/en\/wp-json\/wp\/v2\/pages"}],"about":[{"href":"https:\/\/fadir.ufms.br\/en\/wp-json\/wp\/v2\/types\/page"}],"author":[{"embeddable":true,"href":"https:\/\/fadir.ufms.br\/en\/wp-json\/wp\/v2\/users\/146"}],"replies":[{"embeddable":true,"href":"https:\/\/fadir.ufms.br\/en\/wp-json\/wp\/v2\/comments?post=249"}],"version-history":[{"count":110,"href":"https:\/\/fadir.ufms.br\/en\/wp-json\/wp\/v2\/pages\/249\/revisions"}],"predecessor-version":[{"id":10296,"href":"https:\/\/fadir.ufms.br\/en\/wp-json\/wp\/v2\/pages\/249\/revisions\/10296"}],"wp:attachment":[{"href":"https:\/\/fadir.ufms.br\/en\/wp-json\/wp\/v2\/media?parent=249"}],"wp:term":[{"taxonomy":"author","embeddable":true,"href":"https:\/\/fadir.ufms.br\/en\/wp-json\/wp\/v2\/coauthors?post=249"}],"curies":[{"name":"wp","href":"https:\/\/api.w.org\/{rel}","templated":true}]}}