{"id":1789,"date":"2013-03-18T14:23:40","date_gmt":"2013-03-18T18:23:40","guid":{"rendered":"http:\/\/fadir.draconis.ufms.br\/?page_id=1789"},"modified":"2022-03-23T09:43:42","modified_gmt":"2022-03-23T13:43:42","slug":"nucleo-docente-estruturante","status":"publish","type":"page","link":"https:\/\/fadir.ufms.br\/en\/nucleo-docente-estruturante\/","title":{"rendered":"Faculty Advisory Board"},"content":{"rendered":"According to COEG Resolution No. 167\/2010, the Faculty Advisory Board (NDE) responsibilities are:<\/p>\n<p>I &#8211; contribute to the consolidation of the professional profile of graduates of the course;<\/p>\n<p>II &#8211; ensure the interdisciplinary curricular integration between the different teaching activities in the curriculum;<\/p>\n<p>III &#8211; indicate ways of encouraging the development of lines of research and extension, derived from graduation requirements of the labor market demands and in tune with public policies regarding the area of knowledge of the program;<\/p>\n<p>IV &#8211; ensure compliance with the National Curriculum Guidelines for Undergraduate Courses.<\/p>\n<p>&nbsp;<\/p>\n<div style=\"float: left\"><a title=\"Resolu\u00e7\u00e3o com a cria\u00e7\u00e3o do N\u00facleo Docente Estruturante\" href=\"http:\/\/www.preg.ufms.br\/manager\/titan.php?target=openFile&amp;fileId=25Visualizar\" target=\"_blank\" rel=\"noopener noreferrer\">Resolution<\/a><\/div>\n<div style=\"float: left\"><a title=\"Resolu\u00e7\u00e3o com a cria\u00e7\u00e3o do N\u00facleo Docente Estruturante\" href=\"http:\/\/www.preg.ufms.br\/manager\/titan.php?target=openFile&amp;fileId=25\" target=\"_blank\" rel=\"noopener noreferrer\"><img decoding=\"async\" class=\"alignnone size-full wp-image-822\" src=\"http:\/\/fadir.draconis.ufms.br\/files\/2013\/03\/pdf3.png\" alt=\"pdf3\" width=\"94\" height=\"96\" \/><\/a><\/div>\n<p>&nbsp;<\/p>\n<p>&nbsp;<\/p>\n<p>&nbsp;<\/p>\n<p>&nbsp;<\/p>\n<p>&nbsp;<\/p>\n<p>&nbsp;<\/p>\n<p>The current members of FADIR Advisory Board are:<\/p>\n<p>&nbsp;<\/p>\n<p>Luciane Gregio Soares Linjardi \u2013 Chair<\/p>\n<p>Ana Paula Martins Amaral<\/p>\n<p>Andr\u00e9 Puccinelli J\u00fanior<\/p>\n<p>Andr\u00e9a Flores<\/p>\n<p>Luciani Coimbra de Carvalho<\/p>\n<p>Nilton C\u00e9sar Antunes da Costa<\/p>\n<p>Rejane Alves de Arruda<\/p>\n<p>Sandro Rog\u00e9rio Monteiro de Oliveira.<\/p>\n<p>Ynes da Silva F\u00e9lix<\/p>\n<p>&nbsp;<\/p>\n<p>&nbsp;","protected":false},"excerpt":{"rendered":"<p>According to COEG Resolution No. 167\/2010, the Faculty Advisory Board (NDE) responsibilities are: I &#8211; contribute to the consolidation of the professional profile of graduates of the course; II &#8211; ensure the interdisciplinary curricular integration between the different teaching activities in the curriculum; III &#8211; indicate ways of encouraging the development of lines of research [&hellip;]<\/p>\n","protected":false},"author":146,"featured_media":0,"parent":0,"menu_order":0,"comment_status":"closed","ping_status":"open","template":"","meta":{"footnotes":""},"coauthors":[],"class_list":["post-1789","page","type-page","status-publish","hentry"],"_links":{"self":[{"href":"https:\/\/fadir.ufms.br\/en\/wp-json\/wp\/v2\/pages\/1789","targetHints":{"allow":["GET"]}}],"collection":[{"href":"https:\/\/fadir.ufms.br\/en\/wp-json\/wp\/v2\/pages"}],"about":[{"href":"https:\/\/fadir.ufms.br\/en\/wp-json\/wp\/v2\/types\/page"}],"author":[{"embeddable":true,"href":"https:\/\/fadir.ufms.br\/en\/wp-json\/wp\/v2\/users\/146"}],"replies":[{"embeddable":true,"href":"https:\/\/fadir.ufms.br\/en\/wp-json\/wp\/v2\/comments?post=1789"}],"version-history":[{"count":22,"href":"https:\/\/fadir.ufms.br\/en\/wp-json\/wp\/v2\/pages\/1789\/revisions"}],"predecessor-version":[{"id":7458,"href":"https:\/\/fadir.ufms.br\/en\/wp-json\/wp\/v2\/pages\/1789\/revisions\/7458"}],"wp:attachment":[{"href":"https:\/\/fadir.ufms.br\/en\/wp-json\/wp\/v2\/media?parent=1789"}],"wp:term":[{"taxonomy":"author","embeddable":true,"href":"https:\/\/fadir.ufms.br\/en\/wp-json\/wp\/v2\/coauthors?post=1789"}],"curies":[{"name":"wp","href":"https:\/\/api.w.org\/{rel}","templated":true}]}}