{"id":10310,"date":"2026-03-12T09:42:16","date_gmt":"2026-03-12T13:42:16","guid":{"rendered":"https:\/\/fadir.ufms.br\/?page_id=10310"},"modified":"2026-03-13T14:48:44","modified_gmt":"2026-03-13T18:48:44","slug":"gestao-em-seguranca-publica-ead-turma-2026-2027","status":"publish","type":"page","link":"https:\/\/fadir.ufms.br\/en\/pagina-inicial\/pos-graduacao-lato-sensu-especializacao-cursos-novos\/gestao-em-seguranca-publica-ead-turma-2026-2027\/","title":{"rendered":"(Portugu\u00eas do Brasil) Gest\u00e3o em Seguran\u00e7a P\u00fablica (EaD) &#8211; Turma 2026\/2027"},"content":{"rendered":"<p class=\"qtranxs-available-languages-message qtranxs-available-languages-message-en\">Sorry, this entry is only available in <a href=\"https:\/\/fadir.ufms.br\/pb\/wp-json\/wp\/v2\/pages\/10310\" class=\"qtranxs-available-language-link qtranxs-available-language-link-pb\" title=\"Portugu\u00eas do Brasil\">Portugu\u00eas do Brasil<\/a>.<\/p>","protected":false},"excerpt":{"rendered":"<p>Sorry, this entry is only available in Portugu\u00eas do Brasil.<\/p>\n","protected":false},"author":471,"featured_media":0,"parent":7291,"menu_order":0,"comment_status":"closed","ping_status":"closed","template":"","meta":{"footnotes":""},"coauthors":[83],"class_list":["post-10310","page","type-page","status-publish","hentry"],"_links":{"self":[{"href":"https:\/\/fadir.ufms.br\/en\/wp-json\/wp\/v2\/pages\/10310","targetHints":{"allow":["GET"]}}],"collection":[{"href":"https:\/\/fadir.ufms.br\/en\/wp-json\/wp\/v2\/pages"}],"about":[{"href":"https:\/\/fadir.ufms.br\/en\/wp-json\/wp\/v2\/types\/page"}],"author":[{"embeddable":true,"href":"https:\/\/fadir.ufms.br\/en\/wp-json\/wp\/v2\/users\/471"}],"replies":[{"embeddable":true,"href":"https:\/\/fadir.ufms.br\/en\/wp-json\/wp\/v2\/comments?post=10310"}],"version-history":[{"count":12,"href":"https:\/\/fadir.ufms.br\/en\/wp-json\/wp\/v2\/pages\/10310\/revisions"}],"predecessor-version":[{"id":10335,"href":"https:\/\/fadir.ufms.br\/en\/wp-json\/wp\/v2\/pages\/10310\/revisions\/10335"}],"up":[{"embeddable":true,"href":"https:\/\/fadir.ufms.br\/en\/wp-json\/wp\/v2\/pages\/7291"}],"wp:attachment":[{"href":"https:\/\/fadir.ufms.br\/en\/wp-json\/wp\/v2\/media?parent=10310"}],"wp:term":[{"taxonomy":"author","embeddable":true,"href":"https:\/\/fadir.ufms.br\/en\/wp-json\/wp\/v2\/coauthors?post=10310"}],"curies":[{"name":"wp","href":"https:\/\/api.w.org\/{rel}","templated":true}]}}